{"id":3,"date":"2019-10-09T23:10:54","date_gmt":"2019-10-09T21:10:54","guid":{"rendered":"http:\/\/folkydokey.de\/wordpress\/?page_id=3"},"modified":"2021-01-02T14:23:35","modified_gmt":"2021-01-02T13:23:35","slug":"impressum","status":"publish","type":"page","link":"https:\/\/folkydokey.de\/wordpress\/homepage\/impressum\/","title":{"rendered":"Impressum &#038; Datenschutz"},"content":{"rendered":"\n<div class=\"twitter-share\"><a href=\"https:\/\/twitter.com\/intent\/tweet?via=PintSizeCompany\" class=\"twitter-share-button\" data-size=\"large\">Twittern<\/a><\/div>\n\n<h2>Impressum<\/h2>\n\n\n\n<p>Angaben gem\u00e4\u00df \u00a7 5 TMG<\/p>\n\n\n\n<p>Pint Size Company unter <a href=\"http:\/\/www.folkydokey.de\">www.folkydokey.de<\/a><\/p>\n\n\n\n<p><strong><strong>Vertreten durch und verantwortlich f\u00fcr den Inhalt nach \u00a7 55 Abs. 2 RStV<\/strong><\/strong><br>Michael Waidner<br>Kreuzgasse 8<br>65468 Trebur<\/p>\n\n\n\n<p>+49 151 27044505<br>maikel@folkydokey.de<\/p>\n\n\n\n<h2><strong>Haftungsausschluss<\/strong><\/h2>\n\n\n\n<p><strong>Haftung f\u00fcr Inhalte<\/strong><br>Die Inhalte unserer Seiten wurden mit gr\u00f6\u00dfter Sorgfalt erstellt. F\u00fcr die Richtigkeit, Vollst\u00e4ndigkeit und Aktualit\u00e4t der Inhalte k\u00f6nnen wir jedoch keine Gew\u00e4hr \u00fcbernehmen. Als Diensteanbieter sind wir gem\u00e4\u00df \u00a7 7 Abs.1 TMG f\u00fcr eigene Inhalte auf diesen Seiten nach den allgemeinen Gesetzen verantwortlich. Nach \u00a7\u00a7 8 bis 10 TMG sind wir als Diensteanbieter jedoch nicht verpflichtet, \u00fcbermittelte oder gespeicherte fremde Informationen zu \u00fcberwachen oder nach Umst\u00e4nden zu forschen, die auf eine rechtswidrige T\u00e4tigkeit hinweisen. Verpflichtungen zur Entfernung oder Sperrung der Nutzung von Informationen nach den allgemeinen Gesetzen bleiben hiervon unber\u00fchrt. Eine diesbez\u00fcgliche Haftung ist jedoch erst ab dem Zeitpunkt der Kenntnis einer konkreten Rechtsverletzung m\u00f6glich. Bei Bekanntwerden von entsprechenden Rechtsverletzungen werden wir diese Inhalte umgehend entfernen.<\/p>\n\n\n\n<p><strong>Haftung f\u00fcr Links<\/strong><br>Unser Angebot enth\u00e4lt Links zu externen Webseiten Dritter, auf deren Inhalte wir keinen Einfluss haben. Deshalb k\u00f6nnen wir f\u00fcr diese fremden Inhalte auch keine Gew\u00e4hr \u00fcbernehmen. F\u00fcr die Inhalte der verlinkten Seiten ist stets der jeweilige Anbieter oder Betreiber der Seiten verantwortlich. Die verlinkten Seiten wurden zum Zeitpunkt der Verlinkung auf m\u00f6gliche Rechtsverst\u00f6\u00dfe \u00fcberpr\u00fcft. Rechtswidrige Inhalte waren zum Zeitpunkt der Verlinkung nicht erkennbar. Eine permanente inhaltliche Kontrolle der verlinkten Seiten ist jedoch ohne konkrete Anhaltspunkte einer Rechtsverletzung nicht zumutbar. Bei Bekanntwerden von Rechtsverletzungen werden wir derartige Links umgehend entfernen.<\/p>\n\n\n\n<h2>Cookies<\/h2>\n\n\n\n<p>Beitr\u00e4ge auf dieser Website beinhalten eingebettete Inhalte (z.\u00a0B. Videos, Bilder, Beitr\u00e4ge etc.). Eingebettete Inhalte von anderen Websites verhalten sich so, als ob der Besucher die andere Website besucht h\u00e4tte.<\/p>\n\n\n\n<p>Diese Websites k\u00f6nnen Daten sammeln, Cookies benutzen, zus\u00e4tzliche Tracking-Dienste von Dritten einbetten und Interaktion mit diesem eingebetteten Inhalt aufzeichnen, inklusive Interaktion mit dem eingebetteten Inhalt, falls Sie ein Konto haben und auf dieser Website angemeldet sind.<\/p>\n\n\n\n<h2>Datenschutz<\/h2>\n\n\n\n<p>Die Nutzung unserer Webseite ist in der Regel ohne Angabe personenbezogener Daten m\u00f6glich. Soweit auf unseren Seiten personenbezogene Daten (beispielsweise Name, Anschrift oder E-Mail-Adressen) erhoben werden, erfolgt dies, soweit m\u00f6glich, stets auf freiwilliger Basis. Diese Daten werden ohne Ihre ausdr\u00fcckliche Zustimmung nicht an Dritte weitergegeben.\u00a0<br>Wir weisen darauf hin, dass die Daten\u00fcbertragung im Internet (z.B. bei der Kommunikation per E-Mail) Sicherheitsl\u00fccken aufweisen kann. Ein l\u00fcckenloser Schutz der Daten vor dem Zugriff durch Dritte ist nicht m\u00f6glich.\u00a0<br>Der Nutzung von im Rahmen der Impressumspflicht ver\u00f6ffentlichten Kontaktdaten durch Dritte zur \u00dcbersendung von nicht ausdr\u00fccklich angeforderter Werbung und Informationsmaterialien wird hiermit ausdr\u00fccklich widersprochen. Die Betreiber der Seiten behalten sich ausdr\u00fccklich rechtliche Schritte im Falle der unverlangten Zusendung von Werbeinformationen, etwa durch Spam-Mails, vor.<br><br>Grundlage des Impressums vom\u00a0<a href=\"https:\/\/www.impressum-generator.de\/\" target=\"_blank\" rel=\"noreferrer noopener\">Impressum Generator<\/a>\u00a0der\u00a0<a href=\"https:\/\/www.kanzlei-hasselbach.de\/\" target=\"_blank\" rel=\"noreferrer noopener\">Kanzlei Hasselbach, Rechtsanw\u00e4lte f\u00fcr Arbeitsrecht und Familienrecht<\/a> sowie des WordPress Leitfadens erstellt.<\/p>\n","protected":false},"excerpt":{"rendered":"<p>Impressum Angaben gem\u00e4\u00df \u00a7 5 TMG Pint Size Company unter www.folkydokey.de Vertreten durch und verantwortlich f\u00fcr den Inhalt nach \u00a7 55 Abs. 2 RStVMichael WaidnerKreuzgasse 865468 Trebur +49 151 27044505maikel@folkydokey.de Haftungsausschluss Haftung f\u00fcr InhalteDie Inhalte unserer Seiten wurden mit gr\u00f6\u00dfter [&hellip;]<\/p>\n","protected":false},"author":1,"featured_media":0,"parent":80,"menu_order":0,"comment_status":"closed","ping_status":"open","template":"page-templates\/page_fullwidth.php","meta":[],"_links":{"self":[{"href":"https:\/\/folkydokey.de\/wordpress\/wp-json\/wp\/v2\/pages\/3"}],"collection":[{"href":"https:\/\/folkydokey.de\/wordpress\/wp-json\/wp\/v2\/pages"}],"about":[{"href":"https:\/\/folkydokey.de\/wordpress\/wp-json\/wp\/v2\/types\/page"}],"author":[{"embeddable":true,"href":"https:\/\/folkydokey.de\/wordpress\/wp-json\/wp\/v2\/users\/1"}],"replies":[{"embeddable":true,"href":"https:\/\/folkydokey.de\/wordpress\/wp-json\/wp\/v2\/comments?post=3"}],"version-history":[{"count":10,"href":"https:\/\/folkydokey.de\/wordpress\/wp-json\/wp\/v2\/pages\/3\/revisions"}],"predecessor-version":[{"id":589,"href":"https:\/\/folkydokey.de\/wordpress\/wp-json\/wp\/v2\/pages\/3\/revisions\/589"}],"up":[{"embeddable":true,"href":"https:\/\/folkydokey.de\/wordpress\/wp-json\/wp\/v2\/pages\/80"}],"wp:attachment":[{"href":"https:\/\/folkydokey.de\/wordpress\/wp-json\/wp\/v2\/media?parent=3"}],"curies":[{"name":"wp","href":"https:\/\/api.w.org\/{rel}","templated":true}]}}